{"id":8,"date":"2021-06-07T10:22:44","date_gmt":"2021-06-07T10:22:44","guid":{"rendered":"http:\/\/www.houseofmusicmoen.dk\/?page_id=8"},"modified":"2022-04-19T09:32:01","modified_gmt":"2022-04-19T09:32:01","slug":"forside","status":"publish","type":"page","link":"https:\/\/www.houseofmusicmoen.dk\/","title":{"rendered":"forside"},"content":{"rendered":"<p>[et_pb_section fb_built=&#8221;1&#8243; _builder_version=&#8221;4.9.4&#8243; _module_preset=&#8221;default&#8221; custom_padding=&#8221;31px|||||&#8221;][et_pb_row _builder_version=&#8221;4.9.4&#8243; _module_preset=&#8221;default&#8221; max_width=&#8221;1300px&#8221;][et_pb_column type=&#8221;4_4&#8243; _builder_version=&#8221;4.9.4&#8243; _module_preset=&#8221;default&#8221;][et_pb_text _builder_version=&#8221;4.9.4&#8243; _module_preset=&#8221;default&#8221; header_font_size=&#8221;35px&#8221; sticky_enabled=&#8221;0&#8243; hover_enabled=&#8221;0&#8243;]<\/p>\n<h1 style=\"text-align: center;\"><strong>Velkommen til House of music M\u00f8n<\/strong><\/h1>\n<p>[\/et_pb_text][et_pb_text _builder_version=&#8221;4.9.4&#8243; _module_preset=&#8221;default&#8221; header_font_size=&#8221;35px&#8221;]<\/p>\n<h1 style=\"text-align: center;\"><strong>GRATIS ENTR\u00c9<\/strong><\/h1>\n<p>[\/et_pb_text][et_pb_text _builder_version=&#8221;4.9.4&#8243; _module_preset=&#8221;default&#8221; header_font_size=&#8221;35px&#8221;]<\/p>\n<h1 style=\"text-align: center;\"><strong>Kom ind og bliv overrasket<\/strong><\/h1>\n<p>[\/et_pb_text][\/et_pb_column][\/et_pb_row][et_pb_row column_structure=&#8221;1_2,1_2&#8243; _builder_version=&#8221;4.9.4&#8243; _module_preset=&#8221;default&#8221; max_width=&#8221;1300px&#8221;][et_pb_column type=&#8221;1_2&#8243; _builder_version=&#8221;4.9.4&#8243; _module_preset=&#8221;default&#8221;][et_pb_image src=&#8221;http:\/\/www.houseofmusicmoen.dk\/wp-content\/uploads\/2021\/06\/198114619_314193103684408_2046380916235233307_n.jpg&#8221; title_text=&#8221;198114619_314193103684408_2046380916235233307_n&#8221; _builder_version=&#8221;4.9.4&#8243; _module_preset=&#8221;default&#8221;][\/et_pb_image][\/et_pb_column][et_pb_column type=&#8221;1_2&#8243; _builder_version=&#8221;4.9.4&#8243; _module_preset=&#8221;default&#8221;][et_pb_image src=&#8221;http:\/\/www.houseofmusicmoen.dk\/wp-content\/uploads\/2021\/06\/197644971_325830368952129_1890353209281014995_n.jpg&#8221; title_text=&#8221;197644971_325830368952129_1890353209281014995_n&#8221; _builder_version=&#8221;4.9.4&#8243; _module_preset=&#8221;default&#8221;][\/et_pb_image][\/et_pb_column][\/et_pb_row][et_pb_row _builder_version=&#8221;4.9.4&#8243; _module_preset=&#8221;default&#8221; max_width=&#8221;1300px&#8221;][et_pb_column type=&#8221;4_4&#8243; _builder_version=&#8221;4.9.4&#8243; _module_preset=&#8221;default&#8221;][et_pb_text _builder_version=&#8221;4.9.4&#8243; _module_preset=&#8221;default&#8221; text_text_color=&#8221;#000000&#8243; text_font_size=&#8221;20px&#8221; header_3_font_size=&#8221;28px&#8221; header_3_line_height=&#8221;1.2em&#8221; hover_enabled=&#8221;0&#8243; sticky_enabled=&#8221;0&#8243;]<\/p>\n<h3 style=\"text-align: left;\">Adresse:<\/h3>\n<p>House of music M\u00f8n<\/p>\n<p>S\u00f8markevej 36, S\u00f8marke,<\/p>\n<p>4791 Borre<\/p>\n<h3 style=\"text-align: left;\">Kontaktinformation:<\/h3>\n<p>tlf. 23 95 92 08<\/p>\n<h3><\/h3>\n<p>[\/et_pb_text][\/et_pb_column][\/et_pb_row][\/et_pb_section]<\/p>\n","protected":false},"excerpt":{"rendered":"<p>Velkommen til House of music M\u00f8n GRATIS ENTR\u00c9 Kom ind og bliv overrasket Adresse: House of music M\u00f8n S\u00f8markevej 36, S\u00f8marke, 4791 Borre Kontaktinformation: tlf. 23 95 92 08<\/p>\n","protected":false},"author":1,"featured_media":0,"parent":0,"menu_order":0,"comment_status":"closed","ping_status":"closed","template":"","meta":{"_et_pb_use_builder":"on","_et_pb_old_content":"<!-- wp:divi\/placeholder \/-->","_et_gb_content_width":"","footnotes":""},"class_list":["post-8","page","type-page","status-publish","hentry"],"_links":{"self":[{"href":"https:\/\/www.houseofmusicmoen.dk\/index.php\/wp-json\/wp\/v2\/pages\/8"}],"collection":[{"href":"https:\/\/www.houseofmusicmoen.dk\/index.php\/wp-json\/wp\/v2\/pages"}],"about":[{"href":"https:\/\/www.houseofmusicmoen.dk\/index.php\/wp-json\/wp\/v2\/types\/page"}],"author":[{"embeddable":true,"href":"https:\/\/www.houseofmusicmoen.dk\/index.php\/wp-json\/wp\/v2\/users\/1"}],"replies":[{"embeddable":true,"href":"https:\/\/www.houseofmusicmoen.dk\/index.php\/wp-json\/wp\/v2\/comments?post=8"}],"version-history":[{"count":10,"href":"https:\/\/www.houseofmusicmoen.dk\/index.php\/wp-json\/wp\/v2\/pages\/8\/revisions"}],"predecessor-version":[{"id":38,"href":"https:\/\/www.houseofmusicmoen.dk\/index.php\/wp-json\/wp\/v2\/pages\/8\/revisions\/38"}],"wp:attachment":[{"href":"https:\/\/www.houseofmusicmoen.dk\/index.php\/wp-json\/wp\/v2\/media?parent=8"}],"curies":[{"name":"wp","href":"https:\/\/api.w.org\/{rel}","templated":true}]}}